{"id":9,"date":"2016-03-13T18:53:14","date_gmt":"2016-03-13T17:53:14","guid":{"rendered":"http:\/\/www.haxas-mobler.se\/?page_id=9"},"modified":"2016-03-13T19:42:45","modified_gmt":"2016-03-13T18:42:45","slug":"vad-ar-en-mobel","status":"publish","type":"page","link":"http:\/\/www.haxas-mobler.se\/index.php\/vad-ar-en-mobel\/","title":{"rendered":"Vad \u00e4r en m\u00f6bel"},"content":{"rendered":"<p>Man kan betrakta m\u00f6bler p\u00e5 olika s\u00e4tt. Antingen tycker man att en stol \u00e4r en stol \u00e4r en stol. Finito. Eller s\u00e5 ser man en lek med former, f\u00e4rger, rymder. Sp\u00e4nning mellan tradition och nyt\u00e4nkande. En stolt fura t\u00e4mjd till formad sk\u00f6nhet. Jag v\u00e4ljer det senare. D\u00e4rf\u00f6r l\u00e5ter jag ett gammalt soffbord sv\u00e4va fritt i ett matsalsbord. D\u00e4rf\u00f6r svarvar jag bordsben som n\u00e4verlurar. D\u00e4rf\u00f6r konstruerar jag sk\u00e5p med rymdgering.\u00a0V\u00e4lkommen att inspireras.<\/p>\n","protected":false},"excerpt":{"rendered":"<p>Man kan betrakta m\u00f6bler p\u00e5 olika s\u00e4tt. Antingen tycker man att en stol \u00e4r en stol \u00e4r en stol. Finito. Eller s\u00e5 ser man en lek med former, f\u00e4rger, rymder. Sp\u00e4nning mellan tradition och nyt\u00e4nkande. En stolt fura t\u00e4mjd till&#8230; <a class=\"more-link\" href=\"http:\/\/www.haxas-mobler.se\/index.php\/vad-ar-en-mobel\/\">Forts\u00e4tt l\u00e4sa &rarr;<\/a><\/p>\n","protected":false},"author":1,"featured_media":24,"parent":0,"menu_order":0,"comment_status":"closed","ping_status":"open","template":"","meta":{"footnotes":""},"class_list":["post-9","page","type-page","status-publish","has-post-thumbnail","hentry"],"_links":{"self":[{"href":"http:\/\/www.haxas-mobler.se\/index.php\/wp-json\/wp\/v2\/pages\/9","targetHints":{"allow":["GET"]}}],"collection":[{"href":"http:\/\/www.haxas-mobler.se\/index.php\/wp-json\/wp\/v2\/pages"}],"about":[{"href":"http:\/\/www.haxas-mobler.se\/index.php\/wp-json\/wp\/v2\/types\/page"}],"author":[{"embeddable":true,"href":"http:\/\/www.haxas-mobler.se\/index.php\/wp-json\/wp\/v2\/users\/1"}],"replies":[{"embeddable":true,"href":"http:\/\/www.haxas-mobler.se\/index.php\/wp-json\/wp\/v2\/comments?post=9"}],"version-history":[{"count":2,"href":"http:\/\/www.haxas-mobler.se\/index.php\/wp-json\/wp\/v2\/pages\/9\/revisions"}],"predecessor-version":[{"id":70,"href":"http:\/\/www.haxas-mobler.se\/index.php\/wp-json\/wp\/v2\/pages\/9\/revisions\/70"}],"wp:featuredmedia":[{"embeddable":true,"href":"http:\/\/www.haxas-mobler.se\/index.php\/wp-json\/wp\/v2\/media\/24"}],"wp:attachment":[{"href":"http:\/\/www.haxas-mobler.se\/index.php\/wp-json\/wp\/v2\/media?parent=9"}],"curies":[{"name":"wp","href":"https:\/\/api.w.org\/{rel}","templated":true}]}}