{"id":7,"date":"2016-03-13T18:52:50","date_gmt":"2016-03-13T17:52:50","guid":{"rendered":"http:\/\/www.haxas-mobler.se\/?page_id=7"},"modified":"2023-06-30T19:19:00","modified_gmt":"2023-06-30T17:19:00","slug":"om-mig","status":"publish","type":"page","link":"http:\/\/www.haxas-mobler.se\/index.php\/om-mig\/","title":{"rendered":"Om mig"},"content":{"rendered":"<p><span class=\"bread\">H\u00e5x\u00e5s M\u00f6bler och Sl\u00f6jd \u00e4gs och drivs av mig, Leif Jonsson. I grunden \u00e4r jag utbildad i m\u00e5lning p\u00e5 Konstfack i Stockholm. Efter fem \u00e5r som l\u00e4rare p\u00e5 samma skola valde jag att flytta till J\u00e4mtland och vidareutbilda mig till m\u00f6belsnickare. Sedan 1983 driver jag mitt snickeri i H\u00e5x\u00e5s, d\u00e4r jag ocks\u00e5 har min\u00a0utst\u00e4llning. I mitt arbete r\u00f6r jag mig fritt mellan traditionsrikt hantverk och modern CAD-teknik och l\u00e5ter ord som lekfullhet, frihet, tradition och dj\u00e4rvhet vara nyckelord. Har \u00e4ven f\u00f6rs\u00e4ljning fr\u00e5n Stockholm. <\/span><\/p>\n<p><span class=\"bread\">Ring 073 &#8211; 0730882<\/span><\/p>\n<p>Maila <a href=\"mailto:info@haxas-mobler.se\">info@haxas-mobler.se<\/a> eller anv\u00e4nd kontaktformul\u00e4ret nedan<\/p>\n<div id=\"wpgmza_map\" data-settings='{\"id\":\"1\",\"map_title\":\"H\\u00e5x\\u00e5s M\\u00f6bler\",\"map_width\":\"100\",\"map_height\":\"400\",\"map_start_lat\":\"61.676063\",\"map_start_lng\":\"16.873957\",\"map_start_location\":\"61.67606324059427,16.873956625\",\"map_start_zoom\":\"5\",\"default_marker\":\"0\",\"type\":\"1\",\"alignment\":\"1\",\"directions_enabled\":\"1\",\"styling_enabled\":\"0\",\"styling_json\":\"\",\"active\":\"0\",\"kml\":\"\",\"bicycle\":\"2\",\"traffic\":\"2\",\"dbox\":\"1\",\"dbox_width\":\"250\",\"listmarkers\":\"0\",\"listmarkers_advanced\":\"0\",\"filterbycat\":\"0\",\"ugm_enabled\":\"0\",\"ugm_category_enabled\":\"0\",\"fusion\":\"\",\"map_width_type\":\"\\\\%\",\"map_height_type\":\"px\",\"mass_marker_support\":\"1\",\"ugm_access\":\"0\",\"order_markers_by\":\"1\",\"order_markers_choice\":\"2\",\"show_user_location\":\"0\",\"default_to\":\"\",\"other_settings\":{\"store_locator_enabled\":2,\"store_locator_distance\":2,\"store_locator_bounce\":1,\"store_locator_query_string\":\"ZIP \\\/ Address:\",\"wpgmza_store_locator_restrict\":\"\",\"map_max_zoom\":\"1\",\"transport_layer\":2,\"wpgmza_theme_data\":\"\"}}' data-shortcode-attributes='{\"id\":\"1\"}' style=\"display:block; overflow:auto; width:100%; height:400px; float:left;\"><\/div>\n<h3>Kontaktformul\u00e4r<\/h3>\n<div role=\"form\" class=\"wpcf7\" id=\"wpcf7-f89-o1\" lang=\"sv-SE\" dir=\"ltr\">\n<div class=\"screen-reader-response\"><p role=\"status\" aria-live=\"polite\" aria-atomic=\"true\"><\/p> <ul><\/ul><\/div>\n<form action=\"\/index.php\/wp-json\/wp\/v2\/pages\/7#wpcf7-f89-o1\" method=\"post\" class=\"wpcf7-form init\" novalidate=\"novalidate\" data-status=\"init\">\n<div style=\"display: none;\">\n<input type=\"hidden\" name=\"_wpcf7\" value=\"89\" \/>\n<input type=\"hidden\" name=\"_wpcf7_version\" value=\"5.3\" \/>\n<input type=\"hidden\" name=\"_wpcf7_locale\" value=\"sv_SE\" \/>\n<input type=\"hidden\" name=\"_wpcf7_unit_tag\" value=\"wpcf7-f89-o1\" \/>\n<input type=\"hidden\" name=\"_wpcf7_container_post\" value=\"0\" \/>\n<input type=\"hidden\" name=\"_wpcf7_posted_data_hash\" value=\"\" \/>\n<\/div>\n<p>Ditt namn (obligatorisk)<br \/>\n    <span class=\"wpcf7-form-control-wrap your-name\"><input type=\"text\" name=\"your-name\" value=\"\" size=\"40\" class=\"wpcf7-form-control wpcf7-text wpcf7-validates-as-required\" aria-required=\"true\" aria-invalid=\"false\" \/><\/span> <\/p>\n<p>Din epost (obligatorisk)<br \/>\n    <span class=\"wpcf7-form-control-wrap your-email\"><input type=\"email\" name=\"your-email\" value=\"\" size=\"40\" class=\"wpcf7-form-control wpcf7-text wpcf7-email wpcf7-validates-as-required wpcf7-validates-as-email\" aria-required=\"true\" aria-invalid=\"false\" \/><\/span> <\/p>\n<p>\u00c4mne<br \/>\n    <span class=\"wpcf7-form-control-wrap your-subject\"><input type=\"text\" name=\"your-subject\" value=\"\" size=\"40\" class=\"wpcf7-form-control wpcf7-text\" aria-invalid=\"false\" \/><\/span> <\/p>\n<p>Ditt meddelande<br \/>\n    <span class=\"wpcf7-form-control-wrap your-message\"><textarea name=\"your-message\" cols=\"40\" rows=\"10\" class=\"wpcf7-form-control wpcf7-textarea\" aria-invalid=\"false\"><\/textarea><\/span> <\/p>\n<p><input type=\"submit\" value=\"Skicka\" class=\"wpcf7-form-control wpcf7-submit\" \/><\/p>\n<div class=\"wpcf7-response-output\" aria-hidden=\"true\"><\/div><\/form><\/div>\n","protected":false},"excerpt":{"rendered":"<p>H\u00e5x\u00e5s M\u00f6bler och Sl\u00f6jd \u00e4gs och drivs av mig, Leif Jonsson. I grunden \u00e4r jag utbildad i m\u00e5lning p\u00e5 Konstfack i Stockholm. Efter fem \u00e5r som l\u00e4rare p\u00e5 samma skola valde jag att flytta till J\u00e4mtland och vidareutbilda mig till&#8230; <a class=\"more-link\" href=\"http:\/\/www.haxas-mobler.se\/index.php\/om-mig\/\">Forts\u00e4tt l\u00e4sa &rarr;<\/a><\/p>\n","protected":false},"author":1,"featured_media":62,"parent":0,"menu_order":0,"comment_status":"closed","ping_status":"open","template":"","meta":{"footnotes":""},"class_list":["post-7","page","type-page","status-publish","has-post-thumbnail","hentry"],"_links":{"self":[{"href":"http:\/\/www.haxas-mobler.se\/index.php\/wp-json\/wp\/v2\/pages\/7","targetHints":{"allow":["GET"]}}],"collection":[{"href":"http:\/\/www.haxas-mobler.se\/index.php\/wp-json\/wp\/v2\/pages"}],"about":[{"href":"http:\/\/www.haxas-mobler.se\/index.php\/wp-json\/wp\/v2\/types\/page"}],"author":[{"embeddable":true,"href":"http:\/\/www.haxas-mobler.se\/index.php\/wp-json\/wp\/v2\/users\/1"}],"replies":[{"embeddable":true,"href":"http:\/\/www.haxas-mobler.se\/index.php\/wp-json\/wp\/v2\/comments?post=7"}],"version-history":[{"count":10,"href":"http:\/\/www.haxas-mobler.se\/index.php\/wp-json\/wp\/v2\/pages\/7\/revisions"}],"predecessor-version":[{"id":117,"href":"http:\/\/www.haxas-mobler.se\/index.php\/wp-json\/wp\/v2\/pages\/7\/revisions\/117"}],"wp:featuredmedia":[{"embeddable":true,"href":"http:\/\/www.haxas-mobler.se\/index.php\/wp-json\/wp\/v2\/media\/62"}],"wp:attachment":[{"href":"http:\/\/www.haxas-mobler.se\/index.php\/wp-json\/wp\/v2\/media?parent=7"}],"curies":[{"name":"wp","href":"https:\/\/api.w.org\/{rel}","templated":true}]}}