{"id":66,"date":"2016-03-13T19:39:49","date_gmt":"2016-03-13T18:39:49","guid":{"rendered":"http:\/\/www.haxas-mobler.se\/?page_id=66"},"modified":"2016-03-29T09:40:14","modified_gmt":"2016-03-29T07:40:14","slug":"produktlista","status":"publish","type":"page","link":"http:\/\/www.haxas-mobler.se\/index.php\/produktlista\/","title":{"rendered":"Produktlista"},"content":{"rendered":"<table>\n<tbody>\n<tr>\n<td>Matsalsbord &#8221;Fossil&#8221;<\/td>\n<td>24 000:-<\/td>\n<\/tr>\n<tr>\n<td>Matsalsbord &#8221;N\u00e4verlur&#8221;<\/td>\n<td>12 000:-<\/td>\n<\/tr>\n<tr>\n<td>Matsalsbord &#8221;Gemenskap&#8221;<\/td>\n<td>24 000:-<\/td>\n<\/tr>\n<tr>\n<td>Matsalsbord &#8221;Vardag&#8221;<\/td>\n<td>12 000:-<\/td>\n<\/tr>\n<tr>\n<td>Pallar<\/td>\n<td>fr\u00e5n 1500:-<\/td>\n<\/tr>\n<tr>\n<td>Barpall<\/td>\n<td>2 200:-<\/td>\n<\/tr>\n<tr>\n<td>Golvsk\u00e5p<\/td>\n<td>28 000:-<\/td>\n<\/tr>\n<tr>\n<td>Spegel<\/td>\n<td>3 500:-<\/td>\n<\/tr>\n<tr>\n<td>Stol<\/td>\n<td>3 500:-<\/td>\n<\/tr>\n<tr>\n<td>Stol, m\u00e5lad<\/td>\n<td>4 500:-<\/td>\n<\/tr>\n<tr>\n<td>Lykta<\/td>\n<td>800:-<\/td>\n<\/tr>\n<\/tbody>\n<\/table>\n<p>&nbsp;<\/p>\n<p><i>N\u00e5gra av m\u00f6blerna \u00e4r signerade och numrerade.<\/i><\/p>\n","protected":false},"excerpt":{"rendered":"<p>Matsalsbord &#8221;Fossil&#8221; 24 000:- Matsalsbord &#8221;N\u00e4verlur&#8221; 12 000:- Matsalsbord &#8221;Gemenskap&#8221; 24 000:- Matsalsbord &#8221;Vardag&#8221; 12 000:- Pallar fr\u00e5n 1500:- Barpall 2 200:- Golvsk\u00e5p 28 000:- Spegel 3 500:- Stol 3 500:- Stol, m\u00e5lad 4 500:- Lykta 800:- &nbsp; N\u00e5gra av&#8230; <a class=\"more-link\" href=\"http:\/\/www.haxas-mobler.se\/index.php\/produktlista\/\">Forts\u00e4tt l\u00e4sa &rarr;<\/a><\/p>\n","protected":false},"author":1,"featured_media":62,"parent":0,"menu_order":0,"comment_status":"closed","ping_status":"closed","template":"","meta":{"footnotes":""},"class_list":["post-66","page","type-page","status-publish","has-post-thumbnail","hentry"],"_links":{"self":[{"href":"http:\/\/www.haxas-mobler.se\/index.php\/wp-json\/wp\/v2\/pages\/66","targetHints":{"allow":["GET"]}}],"collection":[{"href":"http:\/\/www.haxas-mobler.se\/index.php\/wp-json\/wp\/v2\/pages"}],"about":[{"href":"http:\/\/www.haxas-mobler.se\/index.php\/wp-json\/wp\/v2\/types\/page"}],"author":[{"embeddable":true,"href":"http:\/\/www.haxas-mobler.se\/index.php\/wp-json\/wp\/v2\/users\/1"}],"replies":[{"embeddable":true,"href":"http:\/\/www.haxas-mobler.se\/index.php\/wp-json\/wp\/v2\/comments?post=66"}],"version-history":[{"count":11,"href":"http:\/\/www.haxas-mobler.se\/index.php\/wp-json\/wp\/v2\/pages\/66\/revisions"}],"predecessor-version":[{"id":106,"href":"http:\/\/www.haxas-mobler.se\/index.php\/wp-json\/wp\/v2\/pages\/66\/revisions\/106"}],"wp:featuredmedia":[{"embeddable":true,"href":"http:\/\/www.haxas-mobler.se\/index.php\/wp-json\/wp\/v2\/media\/62"}],"wp:attachment":[{"href":"http:\/\/www.haxas-mobler.se\/index.php\/wp-json\/wp\/v2\/media?parent=66"}],"curies":[{"name":"wp","href":"https:\/\/api.w.org\/{rel}","templated":true}]}}